{"id":198,"date":"2026-04-27T02:06:31","date_gmt":"2026-04-27T02:06:31","guid":{"rendered":"https:\/\/cogedia.org\/?page_id=198"},"modified":"2026-04-27T10:43:35","modified_gmt":"2026-04-27T10:43:35","slug":"votre-equipe","status":"publish","type":"page","link":"https:\/\/cogedia.org\/en\/votre-equipe\/","title":{"rendered":"Votre \u00e9quipe"},"content":{"rendered":"<div data-elementor-type=\"wp-page\" data-elementor-id=\"198\" class=\"elementor elementor-198\" data-elementor-post-type=\"page\">\n\t\t\t\t<div class=\"elementor-element elementor-element-686c04c e-flex e-con-boxed e-con e-parent\" data-id=\"686c04c\" data-element_type=\"container\" data-e-type=\"container\" data-settings=\"{&quot;background_background&quot;:&quot;gradient&quot;}\">\n\t\t\t\t\t<div class=\"e-con-inner\">\n\t\t<div class=\"elementor-element elementor-element-5a96fd96 e-con-full e-flex e-con e-child\" data-id=\"5a96fd96\" data-element_type=\"container\" data-e-type=\"container\">\n\t\t\t\t<div class=\"elementor-element elementor-element-477a1ae8 elementor-invisible elementor-widget elementor-widget-heading\" data-id=\"477a1ae8\" data-element_type=\"widget\" data-e-type=\"widget\" data-settings=\"{&quot;_animation&quot;:&quot;fadeInUp&quot;,&quot;_animation_delay&quot;:200}\" data-widget_type=\"heading.default\">\n\t\t\t\t\t<h1 class=\"elementor-heading-title elementor-size-default\">Votre \u00e9quipe<\/h1>\t\t\t\t<\/div>\n\t\t\t\t<div class=\"elementor-element elementor-element-2beb4bfd elementor-invisible elementor-widget elementor-widget-heading\" data-id=\"2beb4bfd\" data-element_type=\"widget\" data-e-type=\"widget\" data-settings=\"{&quot;_animation&quot;:&quot;fadeInUp&quot;,&quot;_animation_delay&quot;:300}\" data-widget_type=\"heading.default\">\n\t\t\t\t\t<h4 class=\"elementor-heading-title elementor-size-default\">Vos conseill\u00e8res et conseillers sont l\u00e0 pour vous accompagner et vous servir.\n<\/h4>\t\t\t\t<\/div>\n\t\t\t\t<\/div>\n\t\t\t\t\t<\/div>\n\t\t\t\t<\/div>\n\t\t<div class=\"elementor-element elementor-element-31c721a4 e-flex e-con-boxed e-con e-parent\" data-id=\"31c721a4\" data-element_type=\"container\" data-e-type=\"container\" data-settings=\"{&quot;background_background&quot;:&quot;classic&quot;}\">\n\t\t\t\t\t<div class=\"e-con-inner\">\n\t\t<div class=\"elementor-element elementor-element-4efefeba e-flex e-con-boxed e-con e-child\" data-id=\"4efefeba\" data-element_type=\"container\" data-e-type=\"container\">\n\t\t\t\t\t<div class=\"e-con-inner\">\n\t\t\t\t<div class=\"elementor-element elementor-element-6301c201 elementor-invisible elementor-widget elementor-widget-heading\" data-id=\"6301c201\" data-element_type=\"widget\" data-e-type=\"widget\" data-settings=\"{&quot;_animation&quot;:&quot;fadeInUp&quot;,&quot;_animation_delay&quot;:300}\" data-widget_type=\"heading.default\">\n\t\t\t\t\t<h2 class=\"elementor-heading-title elementor-size-default\">Une \u00e9quipe engag\u00e9e au service des citoyens au quotidien\n<\/h2>\t\t\t\t<\/div>\n\t\t\t\t\t<\/div>\n\t\t\t\t<\/div>\n\t\t<div class=\"elementor-element elementor-element-49730d7b e-con-full e-grid e-con e-child\" data-id=\"49730d7b\" data-element_type=\"container\" data-e-type=\"container\">\n\t\t<div class=\"elementor-element elementor-element-14cd409 e-con-full e-flex e-con e-child\" data-id=\"14cd409\" data-element_type=\"container\" data-e-type=\"container\" data-settings=\"{&quot;background_background&quot;:&quot;classic&quot;}\">\n\t\t\t\t<div class=\"elementor-element elementor-element-78393a6a elementor-widget elementor-widget-image\" data-id=\"78393a6a\" data-element_type=\"widget\" data-e-type=\"widget\" data-widget_type=\"image.default\">\n\t\t\t\t\t\t\t\t\t\t\t\t\t\t\t<img fetchpriority=\"high\" decoding=\"async\" width=\"1828\" height=\"2560\" src=\"https:\/\/cogedia.org\/wp-content\/uploads\/2026\/04\/Julie-B.jpg\" class=\"attachment-full size-full wp-image-243\" alt=\"\" srcset=\"https:\/\/cogedia.org\/wp-content\/uploads\/2026\/04\/Julie-B.jpg 1828w, https:\/\/cogedia.org\/wp-content\/uploads\/2026\/04\/Julie-B-214x300.jpg 214w, https:\/\/cogedia.org\/wp-content\/uploads\/2026\/04\/Julie-B-731x1024.jpg 731w, https:\/\/cogedia.org\/wp-content\/uploads\/2026\/04\/Julie-B-768x1076.jpg 768w, https:\/\/cogedia.org\/wp-content\/uploads\/2026\/04\/Julie-B-1097x1536.jpg 1097w, https:\/\/cogedia.org\/wp-content\/uploads\/2026\/04\/Julie-B-1462x2048.jpg 1462w\" sizes=\"(max-width: 1828px) 100vw, 1828px\" \/>\t\t\t\t\t\t\t\t\t\t\t\t\t\t\t<\/div>\n\t\t\t\t<div class=\"elementor-element elementor-element-11d0fab6 elementor-align-justify elementor-widget elementor-widget-button\" data-id=\"11d0fab6\" data-element_type=\"widget\" data-e-type=\"widget\" data-widget_type=\"button.default\">\n\t\t\t\t\t\t\t\t\t\t<a class=\"elementor-button elementor-button-link elementor-size-sm\" href=\"https:\/\/caadi.ca\/julie-belisle\/\">\n\t\t\t\t\t\t<span class=\"elementor-button-content-wrapper\">\n\t\t\t\t\t\t\t\t\t<span class=\"elementor-button-text\">En savoir plus<\/span>\n\t\t\t\t\t<\/span>\n\t\t\t\t\t<\/a>\n\t\t\t\t\t\t\t\t<\/div>\n\t\t\t\t<\/div>\n\t\t<div class=\"elementor-element elementor-element-700b7d07 e-con-full e-flex e-con e-child\" data-id=\"700b7d07\" data-element_type=\"container\" data-e-type=\"container\" data-settings=\"{&quot;background_background&quot;:&quot;classic&quot;}\">\n\t\t\t\t<div class=\"elementor-element elementor-element-70606c39 elementor-widget elementor-widget-image\" data-id=\"70606c39\" data-element_type=\"widget\" data-e-type=\"widget\" data-widget_type=\"image.default\">\n\t\t\t\t\t\t\t\t\t\t\t\t\t\t\t<img decoding=\"async\" width=\"1828\" height=\"2560\" src=\"https:\/\/cogedia.org\/wp-content\/uploads\/2026\/04\/Luc-C.jpg\" class=\"attachment-full size-full wp-image-244\" alt=\"\" srcset=\"https:\/\/cogedia.org\/wp-content\/uploads\/2026\/04\/Luc-C.jpg 1828w, https:\/\/cogedia.org\/wp-content\/uploads\/2026\/04\/Luc-C-214x300.jpg 214w, https:\/\/cogedia.org\/wp-content\/uploads\/2026\/04\/Luc-C-731x1024.jpg 731w, https:\/\/cogedia.org\/wp-content\/uploads\/2026\/04\/Luc-C-768x1076.jpg 768w, https:\/\/cogedia.org\/wp-content\/uploads\/2026\/04\/Luc-C-1097x1536.jpg 1097w, https:\/\/cogedia.org\/wp-content\/uploads\/2026\/04\/Luc-C-1462x2048.jpg 1462w\" sizes=\"(max-width: 1828px) 100vw, 1828px\" \/>\t\t\t\t\t\t\t\t\t\t\t\t\t\t\t<\/div>\n\t\t\t\t<div class=\"elementor-element elementor-element-251a1121 elementor-align-justify elementor-widget elementor-widget-button\" data-id=\"251a1121\" data-element_type=\"widget\" data-e-type=\"widget\" data-widget_type=\"button.default\">\n\t\t\t\t\t\t\t\t\t\t<a class=\"elementor-button elementor-button-link elementor-size-sm\" href=\"https:\/\/caadi.ca\/luc-chenier\/\">\n\t\t\t\t\t\t<span class=\"elementor-button-content-wrapper\">\n\t\t\t\t\t\t\t\t\t<span class=\"elementor-button-text\">En savoir plus<\/span>\n\t\t\t\t\t<\/span>\n\t\t\t\t\t<\/a>\n\t\t\t\t\t\t\t\t<\/div>\n\t\t\t\t<\/div>\n\t\t<div class=\"elementor-element elementor-element-729df5f0 e-con-full e-flex e-con e-child\" data-id=\"729df5f0\" data-element_type=\"container\" data-e-type=\"container\" data-settings=\"{&quot;background_background&quot;:&quot;classic&quot;}\">\n\t\t\t\t<div class=\"elementor-element elementor-element-492c98e9 elementor-widget elementor-widget-image\" data-id=\"492c98e9\" data-element_type=\"widget\" data-e-type=\"widget\" data-widget_type=\"image.default\">\n\t\t\t\t\t\t\t\t\t\t\t\t\t\t\t<img decoding=\"async\" width=\"731\" height=\"1024\" src=\"https:\/\/cogedia.org\/wp-content\/uploads\/2026\/04\/Chloe-Bourgeois.jpg\" class=\"attachment-full size-full wp-image-245\" alt=\"\" srcset=\"https:\/\/cogedia.org\/wp-content\/uploads\/2026\/04\/Chloe-Bourgeois.jpg 731w, https:\/\/cogedia.org\/wp-content\/uploads\/2026\/04\/Chloe-Bourgeois-214x300.jpg 214w\" sizes=\"(max-width: 731px) 100vw, 731px\" \/>\t\t\t\t\t\t\t\t\t\t\t\t\t\t\t<\/div>\n\t\t\t\t<div class=\"elementor-element elementor-element-7ddf589d elementor-align-justify elementor-widget elementor-widget-button\" data-id=\"7ddf589d\" data-element_type=\"widget\" data-e-type=\"widget\" data-widget_type=\"button.default\">\n\t\t\t\t\t\t\t\t\t\t<a class=\"elementor-button elementor-button-link elementor-size-sm\" href=\"https:\/\/caadi.ca\/chloe-bourgeois\/\">\n\t\t\t\t\t\t<span class=\"elementor-button-content-wrapper\">\n\t\t\t\t\t\t\t\t\t<span class=\"elementor-button-text\">En savoir plus<\/span>\n\t\t\t\t\t<\/span>\n\t\t\t\t\t<\/a>\n\t\t\t\t\t\t\t\t<\/div>\n\t\t\t\t<\/div>\n\t\t<div class=\"elementor-element elementor-element-4f67c78c e-con-full e-flex e-con e-child\" data-id=\"4f67c78c\" data-element_type=\"container\" data-e-type=\"container\" data-settings=\"{&quot;background_background&quot;:&quot;classic&quot;}\">\n\t\t\t\t<div class=\"elementor-element elementor-element-617c3e8f elementor-widget elementor-widget-image\" data-id=\"617c3e8f\" data-element_type=\"widget\" data-e-type=\"widget\" data-widget_type=\"image.default\">\n\t\t\t\t\t\t\t\t\t\t\t\t\t\t\t<img loading=\"lazy\" decoding=\"async\" width=\"1828\" height=\"2560\" src=\"https:\/\/cogedia.org\/wp-content\/uploads\/2026\/04\/Timmy-J.jpg\" class=\"attachment-full size-full wp-image-246\" alt=\"\" srcset=\"https:\/\/cogedia.org\/wp-content\/uploads\/2026\/04\/Timmy-J.jpg 1828w, https:\/\/cogedia.org\/wp-content\/uploads\/2026\/04\/Timmy-J-214x300.jpg 214w, https:\/\/cogedia.org\/wp-content\/uploads\/2026\/04\/Timmy-J-731x1024.jpg 731w, https:\/\/cogedia.org\/wp-content\/uploads\/2026\/04\/Timmy-J-768x1076.jpg 768w, https:\/\/cogedia.org\/wp-content\/uploads\/2026\/04\/Timmy-J-1097x1536.jpg 1097w, https:\/\/cogedia.org\/wp-content\/uploads\/2026\/04\/Timmy-J-1462x2048.jpg 1462w\" sizes=\"(max-width: 1828px) 100vw, 1828px\" \/>\t\t\t\t\t\t\t\t\t\t\t\t\t\t\t<\/div>\n\t\t\t\t<div class=\"elementor-element elementor-element-cfc3610 elementor-align-justify elementor-widget elementor-widget-button\" data-id=\"cfc3610\" data-element_type=\"widget\" data-e-type=\"widget\" data-widget_type=\"button.default\">\n\t\t\t\t\t\t\t\t\t\t<a class=\"elementor-button elementor-button-link elementor-size-sm\" href=\"https:\/\/caadi.ca\/timmy-jutras\/\">\n\t\t\t\t\t\t<span class=\"elementor-button-content-wrapper\">\n\t\t\t\t\t\t\t\t\t<span class=\"elementor-button-text\">En savoir plus<\/span>\n\t\t\t\t\t<\/span>\n\t\t\t\t\t<\/a>\n\t\t\t\t\t\t\t\t<\/div>\n\t\t\t\t<\/div>\n\t\t\t\t<\/div>\n\t\t\t\t\t<\/div>\n\t\t\t\t<\/div>\n\t\t<div class=\"elementor-element elementor-element-604f6d92 e-flex e-con-boxed e-con e-parent\" data-id=\"604f6d92\" data-element_type=\"container\" data-e-type=\"container\" data-settings=\"{&quot;background_background&quot;:&quot;classic&quot;}\">\n\t\t\t\t\t<div class=\"e-con-inner\">\n\t\t<div class=\"elementor-element elementor-element-4dde7ab5 e-con-full e-flex elementor-invisible e-con e-child\" data-id=\"4dde7ab5\" data-element_type=\"container\" data-e-type=\"container\" data-settings=\"{&quot;animation&quot;:&quot;fadeInUp&quot;,&quot;animation_delay&quot;:200}\">\n\t\t\t\t<div class=\"elementor-element elementor-element-64ccc98c elementor-widget elementor-widget-heading\" data-id=\"64ccc98c\" data-element_type=\"widget\" data-e-type=\"widget\" data-widget_type=\"heading.default\">\n\t\t\t\t\t<div class=\"elementor-heading-title elementor-size-default\">Schedule A Free Consultation With Our Experts<\/div>\t\t\t\t<\/div>\n\t\t\t\t<div class=\"elementor-element elementor-element-f017d34 elementor-widget elementor-widget-heading\" data-id=\"f017d34\" data-element_type=\"widget\" data-e-type=\"widget\" data-widget_type=\"heading.default\">\n\t\t\t\t\t<div class=\"elementor-heading-title elementor-size-default\">Placerat lobortis suscipit facilisis nam ipsum. Blandit consectetur diam mollis mauris orci lacinia quis nulla ad.<\/div>\t\t\t\t<\/div>\n\t\t\t\t<div class=\"elementor-element elementor-element-322709c0 elementor-align-center elementor-widget elementor-widget-button\" data-id=\"322709c0\" data-element_type=\"widget\" data-e-type=\"widget\" data-widget_type=\"button.default\">\n\t\t\t\t\t\t\t\t\t\t<a class=\"elementor-button elementor-button-link elementor-size-sm\" href=\"#\">\n\t\t\t\t\t\t<span class=\"elementor-button-content-wrapper\">\n\t\t\t\t\t\t<span class=\"elementor-button-icon\">\n\t\t\t\t<i aria-hidden=\"true\" class=\"mdi mdi-calendar-month\"><\/i>\t\t\t<\/span>\n\t\t\t\t\t\t\t\t\t<span class=\"elementor-button-text\">Book an Appointment<\/span>\n\t\t\t\t\t<\/span>\n\t\t\t\t\t<\/a>\n\t\t\t\t\t\t\t\t<\/div>\n\t\t\t\t<\/div>\n\t\t\t\t\t<\/div>\n\t\t\t\t<\/div>\n\t\t\t\t<\/div>","protected":false},"excerpt":{"rendered":"<p>Vos conseill\u00e8res et conseillers sont l\u00e0 pour vous accompagner et vous servir. Une \u00e9quipe engag\u00e9e au service des citoyens au quotidien En savoir plus En savoir plus En savoir plus En savoir plus Schedule A Free Consultation With Our Experts Placerat lobortis suscipit facilisis nam ipsum. Blandit consectetur diam mollis mauris orci lacinia quis nulla [&hellip;]<\/p>\n","protected":false},"author":1,"featured_media":0,"parent":0,"menu_order":0,"comment_status":"closed","ping_status":"closed","template":"elementor_header_footer","meta":{"footnotes":""},"class_list":["post-198","page","type-page","status-publish","hentry"],"_links":{"self":[{"href":"https:\/\/cogedia.org\/en\/wp-json\/wp\/v2\/pages\/198","targetHints":{"allow":["GET"]}}],"collection":[{"href":"https:\/\/cogedia.org\/en\/wp-json\/wp\/v2\/pages"}],"about":[{"href":"https:\/\/cogedia.org\/en\/wp-json\/wp\/v2\/types\/page"}],"author":[{"embeddable":true,"href":"https:\/\/cogedia.org\/en\/wp-json\/wp\/v2\/users\/1"}],"replies":[{"embeddable":true,"href":"https:\/\/cogedia.org\/en\/wp-json\/wp\/v2\/comments?post=198"}],"version-history":[{"count":10,"href":"https:\/\/cogedia.org\/en\/wp-json\/wp\/v2\/pages\/198\/revisions"}],"predecessor-version":[{"id":313,"href":"https:\/\/cogedia.org\/en\/wp-json\/wp\/v2\/pages\/198\/revisions\/313"}],"wp:attachment":[{"href":"https:\/\/cogedia.org\/en\/wp-json\/wp\/v2\/media?parent=198"}],"curies":[{"name":"wp","href":"https:\/\/api.w.org\/{rel}","templated":true}]}}