{"id":234,"date":"2026-04-27T02:25:15","date_gmt":"2026-04-27T02:25:15","guid":{"rendered":"https:\/\/cogedia.org\/?page_id=234"},"modified":"2026-04-27T10:45:49","modified_gmt":"2026-04-27T10:45:49","slug":"a-propos","status":"publish","type":"page","link":"https:\/\/cogedia.org\/en\/a-propos\/","title":{"rendered":"\u00c0 propos"},"content":{"rendered":"<div data-elementor-type=\"wp-page\" data-elementor-id=\"234\" class=\"elementor elementor-234\" data-elementor-post-type=\"page\">\n\t\t\t\t<div class=\"elementor-element elementor-element-102d270e e-flex e-con-boxed e-con e-parent\" data-id=\"102d270e\" data-element_type=\"container\" data-e-type=\"container\" data-settings=\"{&quot;background_background&quot;:&quot;gradient&quot;}\">\n\t\t\t\t\t<div class=\"e-con-inner\">\n\t\t<div class=\"elementor-element elementor-element-1ebac343 e-con-full e-flex e-con e-child\" data-id=\"1ebac343\" data-element_type=\"container\" data-e-type=\"container\">\n\t\t\t\t<div class=\"elementor-element elementor-element-1bbb179 elementor-invisible elementor-widget elementor-widget-heading\" data-id=\"1bbb179\" data-element_type=\"widget\" data-e-type=\"widget\" data-settings=\"{&quot;_animation&quot;:&quot;fadeInUp&quot;,&quot;_animation_delay&quot;:200}\" data-widget_type=\"heading.default\">\n\t\t\t\t\t<h1 class=\"elementor-heading-title elementor-size-default\">\u00c0 propos<\/h1>\t\t\t\t<\/div>\n\t\t\t\t<div class=\"elementor-element elementor-element-8102e6a elementor-invisible elementor-widget elementor-widget-heading\" data-id=\"8102e6a\" data-element_type=\"widget\" data-e-type=\"widget\" data-settings=\"{&quot;_animation&quot;:&quot;fadeInUp&quot;,&quot;_animation_delay&quot;:300}\" data-widget_type=\"heading.default\">\n\t\t\t\t\t<h4 class=\"elementor-heading-title elementor-size-default\">Votre voix au c\u0153ur de nos d\u00e9cisions pour chaque quartier.<\/h4>\t\t\t\t<\/div>\n\t\t\t\t<\/div>\n\t\t\t\t\t<\/div>\n\t\t\t\t<\/div>\n\t\t<div class=\"elementor-element elementor-element-2a5124bc e-flex e-con-boxed e-con e-parent\" data-id=\"2a5124bc\" data-element_type=\"container\" data-e-type=\"container\">\n\t\t\t\t\t<div class=\"e-con-inner\">\n\t\t<div class=\"elementor-element elementor-element-1241907d e-con-full e-flex e-con e-child\" data-id=\"1241907d\" data-element_type=\"container\" data-e-type=\"container\">\n\t\t\t\t<div class=\"elementor-element elementor-element-17871884 elementor-invisible elementor-widget elementor-widget-image\" data-id=\"17871884\" data-element_type=\"widget\" data-e-type=\"widget\" data-settings=\"{&quot;_animation&quot;:&quot;fadeInLeft&quot;,&quot;_animation_delay&quot;:200}\" data-widget_type=\"image.default\">\n\t\t\t\t\t\t\t\t\t\t\t\t\t\t\t<img fetchpriority=\"high\" decoding=\"async\" width=\"1920\" height=\"1071\" src=\"https:\/\/cogedia.org\/wp-content\/uploads\/2026\/04\/gatineau.jpg\" class=\"attachment-full size-full wp-image-263\" alt=\"\" srcset=\"https:\/\/cogedia.org\/wp-content\/uploads\/2026\/04\/gatineau.jpg 1920w, https:\/\/cogedia.org\/wp-content\/uploads\/2026\/04\/gatineau-300x167.jpg 300w, https:\/\/cogedia.org\/wp-content\/uploads\/2026\/04\/gatineau-1024x571.jpg 1024w, https:\/\/cogedia.org\/wp-content\/uploads\/2026\/04\/gatineau-768x428.jpg 768w, https:\/\/cogedia.org\/wp-content\/uploads\/2026\/04\/gatineau-1536x857.jpg 1536w\" sizes=\"(max-width: 1920px) 100vw, 1920px\" \/>\t\t\t\t\t\t\t\t\t\t\t\t\t\t\t<\/div>\n\t\t<div class=\"elementor-element elementor-element-3a77897e e-con-full e-transform e-flex elementor-invisible e-con e-child\" data-id=\"3a77897e\" data-element_type=\"container\" data-e-type=\"container\" data-settings=\"{&quot;background_background&quot;:&quot;gradient&quot;,&quot;position&quot;:&quot;absolute&quot;,&quot;_transform_rotateZ_effect&quot;:{&quot;unit&quot;:&quot;px&quot;,&quot;size&quot;:-14,&quot;sizes&quot;:[]},&quot;animation&quot;:&quot;rotateIn&quot;,&quot;animation_delay&quot;:200,&quot;_transform_rotateZ_effect_tablet&quot;:{&quot;unit&quot;:&quot;deg&quot;,&quot;size&quot;:&quot;&quot;,&quot;sizes&quot;:[]},&quot;_transform_rotateZ_effect_mobile&quot;:{&quot;unit&quot;:&quot;deg&quot;,&quot;size&quot;:&quot;&quot;,&quot;sizes&quot;:[]}}\">\n\t\t\t\t<div class=\"elementor-element elementor-element-77b5089c elementor-widget elementor-widget-image\" data-id=\"77b5089c\" data-element_type=\"widget\" data-e-type=\"widget\" data-widget_type=\"image.default\">\n\t\t\t\t\t\t\t\t\t\t\t\t\t\t\t<img decoding=\"async\" width=\"800\" height=\"298\" src=\"https:\/\/cogedia.org\/wp-content\/uploads\/2026\/04\/Logo_bas-1024x381.png\" class=\"attachment-large size-large wp-image-134\" alt=\"\" srcset=\"https:\/\/cogedia.org\/wp-content\/uploads\/2026\/04\/Logo_bas-1024x381.png 1024w, https:\/\/cogedia.org\/wp-content\/uploads\/2026\/04\/Logo_bas-300x112.png 300w, https:\/\/cogedia.org\/wp-content\/uploads\/2026\/04\/Logo_bas-768x286.png 768w, https:\/\/cogedia.org\/wp-content\/uploads\/2026\/04\/Logo_bas-1536x572.png 1536w, https:\/\/cogedia.org\/wp-content\/uploads\/2026\/04\/Logo_bas-2048x762.png 2048w\" sizes=\"(max-width: 800px) 100vw, 800px\" \/>\t\t\t\t\t\t\t\t\t\t\t\t\t\t\t<\/div>\n\t\t\t\t<\/div>\n\t\t\t\t<\/div>\n\t\t<div class=\"elementor-element elementor-element-74459cbf e-con-full e-flex elementor-invisible e-con e-child\" data-id=\"74459cbf\" data-element_type=\"container\" data-e-type=\"container\" data-settings=\"{&quot;animation&quot;:&quot;fadeInRight&quot;,&quot;animation_delay&quot;:200}\">\n\t\t\t\t<div class=\"elementor-element elementor-element-13cb93aa elementor-widget elementor-widget-heading\" data-id=\"13cb93aa\" data-element_type=\"widget\" data-e-type=\"widget\" data-widget_type=\"heading.default\">\n\t\t\t\t\t<h6 class=\"elementor-heading-title elementor-size-default\">Qui sommes-nous ?<\/h6>\t\t\t\t<\/div>\n\t\t\t\t<div class=\"elementor-element elementor-element-740b3c83 elementor-widget elementor-widget-heading\" data-id=\"740b3c83\" data-element_type=\"widget\" data-e-type=\"widget\" data-widget_type=\"heading.default\">\n\t\t\t\t\t<h2 class=\"elementor-heading-title elementor-size-default\">Gatineau Ensemble c'est ...<\/h2>\t\t\t\t<\/div>\n\t\t\t\t<div class=\"elementor-element elementor-element-4864bdb2 elementor-widget elementor-widget-heading\" data-id=\"4864bdb2\" data-element_type=\"widget\" data-e-type=\"widget\" data-widget_type=\"heading.default\">\n\t\t\t\t\t<p class=\"elementor-heading-title elementor-size-default\">Un rassemblement des Gatinoises et des Gatinois passionn\u00e9s et engag\u00e9s \u00e0 investir pleinement leur \u00e9nergie pour le bien-\u00eatre de chaque citoyen, dans tous les secteurs de notre ville.<\/p>\t\t\t\t<\/div>\n\t\t\t\t<div class=\"elementor-element elementor-element-59190e2e elementor-widget elementor-widget-heading\" data-id=\"59190e2e\" data-element_type=\"widget\" data-e-type=\"widget\" data-widget_type=\"heading.default\">\n\t\t\t\t\t<p class=\"elementor-heading-title elementor-size-default\">Gatineau poss\u00e8de un potentiel immense qui m\u00e9rite d'\u00eatre pleinement r\u00e9v\u00e9l\u00e9. Il est temps de le valoriser par un leadership fort et une vision globale pla\u00e7ant l\u2019humain au c\u0153ur de chaque d\u00e9cision. Nous nous engageons \u00e0 b\u00e2tir une ville durable, s\u00e9curitaire et inclusive, o\u00f9 l\u2019essor \u00e9conomique respecte la qualit\u00e9 de vie de chaque quartier. Dans ce projet, les besoins de tous sont pris en compte : nos familles, nos a\u00een\u00e9s, nos jeunes, ainsi que les travailleurs, les entrepreneurs et les organismes qui font battre le c\u0153ur de notre communaut\u00e9.<\/p>\t\t\t\t<\/div>\n\t\t\t\t<\/div>\n\t\t\t\t\t<\/div>\n\t\t\t\t<\/div>\n\t\t<div class=\"elementor-element elementor-element-428a8073 e-flex e-con-boxed e-con e-parent\" data-id=\"428a8073\" data-element_type=\"container\" data-e-type=\"container\" data-settings=\"{&quot;background_background&quot;:&quot;classic&quot;}\">\n\t\t\t\t\t<div class=\"e-con-inner\">\n\t\t<div class=\"elementor-element elementor-element-34807bde e-grid e-con-boxed e-con e-child\" data-id=\"34807bde\" data-element_type=\"container\" data-e-type=\"container\">\n\t\t\t\t\t<div class=\"e-con-inner\">\n\t\t<div class=\"elementor-element elementor-element-6e0fbefb e-con-full e-flex elementor-invisible e-con e-child\" data-id=\"6e0fbefb\" data-element_type=\"container\" data-e-type=\"container\" data-settings=\"{&quot;background_background&quot;:&quot;classic&quot;,&quot;animation&quot;:&quot;fadeInLeft&quot;,&quot;animation_delay&quot;:350}\">\n\t\t\t\t<div class=\"elementor-element elementor-element-3e804d0a elementor-widget elementor-widget-image\" data-id=\"3e804d0a\" data-element_type=\"widget\" data-e-type=\"widget\" data-widget_type=\"image.default\">\n\t\t\t\t\t\t\t\t\t\t\t\t\t\t\t<img decoding=\"async\" src=\"https:\/\/cogedia.org\/wp-content\/uploads\/elementor\/thumbs\/icon-logo1-rmlqqrin3b29wnclkxviz8r5lx3wlf2fya258r2iw0.png\" title=\"icon-logo1.png\" alt=\"icon-logo1.png\" loading=\"lazy\" \/>\t\t\t\t\t\t\t\t\t\t\t\t\t\t\t<\/div>\n\t\t\t\t<div class=\"elementor-element elementor-element-5669708f elementor-widget elementor-widget-heading\" data-id=\"5669708f\" data-element_type=\"widget\" data-e-type=\"widget\" data-widget_type=\"heading.default\">\n\t\t\t\t\t<h2 class=\"elementor-heading-title elementor-size-default\">Des infrastructures \u00e0 la hauteur d\u2019une ville en mouvement <\/h2>\t\t\t\t<\/div>\n\t\t\t\t<div class=\"elementor-element elementor-element-53c23a30 elementor-widget elementor-widget-text-editor\" data-id=\"53c23a30\" data-element_type=\"widget\" data-e-type=\"widget\" data-widget_type=\"text-editor.default\">\n\t\t\t\t\t\t\t\t\t<p>\u00a0Nous croyons qu\u2019il faut investir massivement dans nos infrastructures pour combler le retard accumul\u00e9. Ces investissements sont essentiels pour r\u00e9aliser des projets d\u2019habitation, garantir un toit \u00e0 chacun et permettre \u00e0 la Ville de g\u00e9n\u00e9rer de la richesse immobili\u00e8re. Cela contribuera \u00e0 am\u00e9liorer la qualit\u00e9 de vie de tous et \u00e0 offrir davantage aux contribuables.<\/p>\t\t\t\t\t\t\t\t<\/div>\n\t\t\t\t<\/div>\n\t\t<div class=\"elementor-element elementor-element-64fd1e64 e-con-full e-flex elementor-invisible e-con e-child\" data-id=\"64fd1e64\" data-element_type=\"container\" data-e-type=\"container\" data-settings=\"{&quot;background_background&quot;:&quot;classic&quot;,&quot;animation&quot;:&quot;fadeInRight&quot;,&quot;animation_delay&quot;:350}\">\n\t\t\t\t<div class=\"elementor-element elementor-element-765e7a62 elementor-widget elementor-widget-image\" data-id=\"765e7a62\" data-element_type=\"widget\" data-e-type=\"widget\" data-widget_type=\"image.default\">\n\t\t\t\t\t\t\t\t\t\t\t\t\t\t\t<img decoding=\"async\" src=\"https:\/\/cogedia.org\/wp-content\/uploads\/elementor\/thumbs\/icon-logo1-rmlqqrin3b29wnclkxviz8r5lx3wlf2fya258r2iw0.png\" title=\"icon-logo1.png\" alt=\"icon-logo1.png\" loading=\"lazy\" \/>\t\t\t\t\t\t\t\t\t\t\t\t\t\t\t<\/div>\n\t\t\t\t<div class=\"elementor-element elementor-element-3effbe4a elementor-widget elementor-widget-heading\" data-id=\"3effbe4a\" data-element_type=\"widget\" data-e-type=\"widget\" data-widget_type=\"heading.default\">\n\t\t\t\t\t<h2 class=\"elementor-heading-title elementor-size-default\">Des services de qualit\u00e9 pour chaque citoyen<\/h2>\t\t\t\t<\/div>\n\t\t\t\t<div class=\"elementor-element elementor-element-5e899643 elementor-widget elementor-widget-text-editor\" data-id=\"5e899643\" data-element_type=\"widget\" data-e-type=\"widget\" data-widget_type=\"text-editor.default\">\n\t\t\t\t\t\t\t\t\t<p>\u00a0Les Gatinoises et Gatinois m\u00e9ritent des services publics \u00e0 la hauteur de leurs attentes : un d\u00e9neigement efficace, un ramassage des ordures irr\u00e9prochable, des rues en excellent \u00e9tat, ainsi que des \u00e9quipements publics modernes et accessibles. Nous y croyons !<\/p>\t\t\t\t\t\t\t\t<\/div>\n\t\t\t\t<div class=\"elementor-element elementor-element-2d00eeb elementor-widget elementor-widget-spacer\" data-id=\"2d00eeb\" data-element_type=\"widget\" data-e-type=\"widget\" data-widget_type=\"spacer.default\">\n\t\t\t\t\t\t\t<div class=\"elementor-spacer\">\n\t\t\t<div class=\"elementor-spacer-inner\"><\/div>\n\t\t<\/div>\n\t\t\t\t\t\t<\/div>\n\t\t\t\t<\/div>\n\t\t\t\t\t<\/div>\n\t\t\t\t<\/div>\n\t\t<div class=\"elementor-element elementor-element-4e2847ff e-grid e-con-full e-con e-child\" data-id=\"4e2847ff\" data-element_type=\"container\" data-e-type=\"container\">\n\t\t<div class=\"elementor-element elementor-element-774ef28f e-con-full e-flex elementor-invisible e-con e-child\" data-id=\"774ef28f\" data-element_type=\"container\" data-e-type=\"container\" data-settings=\"{&quot;background_background&quot;:&quot;classic&quot;,&quot;animation&quot;:&quot;fadeInLeft&quot;,&quot;animation_delay&quot;:350}\">\n\t\t\t\t<div class=\"elementor-element elementor-element-35f27ab5 elementor-widget elementor-widget-image\" data-id=\"35f27ab5\" data-element_type=\"widget\" data-e-type=\"widget\" data-widget_type=\"image.default\">\n\t\t\t\t\t\t\t\t\t\t\t\t\t\t\t<img decoding=\"async\" src=\"https:\/\/cogedia.org\/wp-content\/uploads\/elementor\/thumbs\/icon-logo1-rmlqqrin3b29wnclkxviz8r5lx3wlf2fya258r2iw0.png\" title=\"icon-logo1.png\" alt=\"icon-logo1.png\" loading=\"lazy\" \/>\t\t\t\t\t\t\t\t\t\t\t\t\t\t\t<\/div>\n\t\t\t\t<div class=\"elementor-element elementor-element-40292e7d elementor-widget elementor-widget-heading\" data-id=\"40292e7d\" data-element_type=\"widget\" data-e-type=\"widget\" data-widget_type=\"heading.default\">\n\t\t\t\t\t<h2 class=\"elementor-heading-title elementor-size-default\">Une ville prosp\u00e8re et \u00e9quitable <\/h2>\t\t\t\t<\/div>\n\t\t\t\t<div class=\"elementor-element elementor-element-1e02cae6 elementor-widget elementor-widget-text-editor\" data-id=\"1e02cae6\" data-element_type=\"widget\" data-e-type=\"widget\" data-widget_type=\"text-editor.default\">\n\t\t\t\t\t\t\t\t\t<p>Notre ville est en croissance et nous croyons que le d\u00e9veloppement \u00e9conomique doit profiter \u00e0 tous. Notre objectif est de dynamiser chaque secteur de la Ville afin de g\u00e9n\u00e9rer des retomb\u00e9es \u00e9conomiques pour chacun d\u2019entre eux. Nous voulons aussi que cette croissance b\u00e9n\u00e9ficie \u00e0 tous les citoyens, en veillant \u00e0 une r\u00e9partition \u00e9quitable des ressources et des investissements.<\/p>\t\t\t\t\t\t\t\t<\/div>\n\t\t\t\t<div class=\"elementor-element elementor-element-7e04d76a elementor-widget elementor-widget-spacer\" data-id=\"7e04d76a\" data-element_type=\"widget\" data-e-type=\"widget\" data-widget_type=\"spacer.default\">\n\t\t\t\t\t\t\t<div class=\"elementor-spacer\">\n\t\t\t<div class=\"elementor-spacer-inner\"><\/div>\n\t\t<\/div>\n\t\t\t\t\t\t<\/div>\n\t\t\t\t<\/div>\n\t\t<div class=\"elementor-element elementor-element-6e6277af e-con-full e-flex elementor-invisible e-con e-child\" data-id=\"6e6277af\" data-element_type=\"container\" data-e-type=\"container\" data-settings=\"{&quot;background_background&quot;:&quot;classic&quot;,&quot;animation&quot;:&quot;fadeInRight&quot;,&quot;animation_delay&quot;:350}\">\n\t\t\t\t<div class=\"elementor-element elementor-element-1846b0e3 elementor-widget elementor-widget-image\" data-id=\"1846b0e3\" data-element_type=\"widget\" data-e-type=\"widget\" data-widget_type=\"image.default\">\n\t\t\t\t\t\t\t\t\t\t\t\t\t\t\t<img decoding=\"async\" src=\"https:\/\/cogedia.org\/wp-content\/uploads\/elementor\/thumbs\/icon-logo1-rmlqqrin3b29wnclkxviz8r5lx3wlf2fya258r2iw0.png\" title=\"icon-logo1.png\" alt=\"icon-logo1.png\" loading=\"lazy\" \/>\t\t\t\t\t\t\t\t\t\t\t\t\t\t\t<\/div>\n\t\t\t\t<div class=\"elementor-element elementor-element-2eaf4ca1 elementor-widget elementor-widget-heading\" data-id=\"2eaf4ca1\" data-element_type=\"widget\" data-e-type=\"widget\" data-widget_type=\"heading.default\">\n\t\t\t\t\t<h2 class=\"elementor-heading-title elementor-size-default\">Un environnement durable et inclusif <\/h2>\t\t\t\t<\/div>\n\t\t\t\t<div class=\"elementor-element elementor-element-3198cf1d elementor-widget elementor-widget-text-editor\" data-id=\"3198cf1d\" data-element_type=\"widget\" data-e-type=\"widget\" data-widget_type=\"text-editor.default\">\n\t\t\t\t\t\t\t\t\t<p>Nous aspirons \u00e0 faire de Gatineau une ville qui r\u00e9pond aux d\u00e9fis du 21e si\u00e8cle, en mettant l\u2019accent sur la durabilit\u00e9 environnementale, l\u2019\u00e9quit\u00e9 sociale et la gestion responsable des budgets. Nous devons prot\u00e9ger notre environnement, am\u00e9liorer notre offre de transport en commun et offrir des espaces verts accessibles.<\/p>\t\t\t\t\t\t\t\t<\/div>\n\t\t\t\t<\/div>\n\t\t\t\t<\/div>\n\t\t<div class=\"elementor-element elementor-element-43d06782 e-grid e-con-full e-con e-child\" data-id=\"43d06782\" data-element_type=\"container\" data-e-type=\"container\">\n\t\t<div class=\"elementor-element elementor-element-220f0b4c e-con-full e-flex elementor-invisible e-con e-child\" data-id=\"220f0b4c\" data-element_type=\"container\" data-e-type=\"container\" data-settings=\"{&quot;background_background&quot;:&quot;classic&quot;,&quot;animation&quot;:&quot;fadeInLeft&quot;,&quot;animation_delay&quot;:350}\">\n\t\t\t\t<div class=\"elementor-element elementor-element-65f32900 elementor-widget elementor-widget-image\" data-id=\"65f32900\" data-element_type=\"widget\" data-e-type=\"widget\" data-widget_type=\"image.default\">\n\t\t\t\t\t\t\t\t\t\t\t\t\t\t\t<img decoding=\"async\" src=\"https:\/\/cogedia.org\/wp-content\/uploads\/elementor\/thumbs\/icon-logo1-rmlqqrin3b29wnclkxviz8r5lx3wlf2fya258r2iw0.png\" title=\"icon-logo1.png\" alt=\"icon-logo1.png\" loading=\"lazy\" \/>\t\t\t\t\t\t\t\t\t\t\t\t\t\t\t<\/div>\n\t\t\t\t<div class=\"elementor-element elementor-element-2ea7acd5 elementor-widget elementor-widget-heading\" data-id=\"2ea7acd5\" data-element_type=\"widget\" data-e-type=\"widget\" data-widget_type=\"heading.default\">\n\t\t\t\t\t<h2 class=\"elementor-heading-title elementor-size-default\">Fiers de notre Ville, ensemble  <\/h2>\t\t\t\t<\/div>\n\t\t\t\t<div class=\"elementor-element elementor-element-35a53cb5 elementor-widget elementor-widget-text-editor\" data-id=\"35a53cb5\" data-element_type=\"widget\" data-e-type=\"widget\" data-widget_type=\"text-editor.default\">\n\t\t\t\t\t\t\t\t\t<p>Nous sommes fiers de Gatineau mais il reste encore beaucoup \u00e0 faire. Nous travaillons ensemble \u00e0 b\u00e2tir une ville plus dynamique, plus inclusive et plus r\u00e9siliente pour les g\u00e9n\u00e9rations futures. Le citoyen sera toujours au c\u0153ur de nos d\u00e9cisions et notre \u00e9quipe restera ouverte et r\u00e9ceptive \u00e0 toutes les nouvelles id\u00e9es qui contribueront \u00e0 l\u2019am\u00e9lioration de notre ville.<\/p>\t\t\t\t\t\t\t\t<\/div>\n\t\t\t\t<div class=\"elementor-element elementor-element-608b493 elementor-widget elementor-widget-spacer\" data-id=\"608b493\" data-element_type=\"widget\" data-e-type=\"widget\" data-widget_type=\"spacer.default\">\n\t\t\t\t\t\t\t<div class=\"elementor-spacer\">\n\t\t\t<div class=\"elementor-spacer-inner\"><\/div>\n\t\t<\/div>\n\t\t\t\t\t\t<\/div>\n\t\t\t\t<\/div>\n\t\t\t\t<\/div>\n\t\t\t\t\t<\/div>\n\t\t\t\t<\/div>\n\t\t<div class=\"elementor-element elementor-element-4efb8c02 e-flex e-con-boxed e-con e-parent\" data-id=\"4efb8c02\" data-element_type=\"container\" data-e-type=\"container\">\n\t\t\t\t\t<div class=\"e-con-inner\">\n\t\t<div class=\"elementor-element elementor-element-78ea6877 e-con-full e-flex e-con e-child\" data-id=\"78ea6877\" data-element_type=\"container\" data-e-type=\"container\" data-settings=\"{&quot;background_background&quot;:&quot;classic&quot;}\">\n\t\t\t\t<\/div>\n\t\t<div class=\"elementor-element elementor-element-4c9a869b e-con-full e-flex e-con e-child\" data-id=\"4c9a869b\" data-element_type=\"container\" data-e-type=\"container\">\n\t\t\t\t<\/div>\n\t\t<div class=\"elementor-element elementor-element-1a0aab98 e-con-full e-flex e-con e-child\" data-id=\"1a0aab98\" data-element_type=\"container\" data-e-type=\"container\">\n\t\t\t\t<\/div>\n\t\t\t\t\t<\/div>\n\t\t\t\t<\/div>\n\t\t<div class=\"elementor-element elementor-element-3c61903c e-flex e-con-boxed e-con e-parent\" data-id=\"3c61903c\" data-element_type=\"container\" data-e-type=\"container\" data-settings=\"{&quot;background_background&quot;:&quot;classic&quot;}\">\n\t\t\t\t\t<div class=\"e-con-inner\">\n\t\t<div class=\"elementor-element elementor-element-74f2baf0 e-con-full e-flex elementor-invisible e-con e-child\" data-id=\"74f2baf0\" data-element_type=\"container\" data-e-type=\"container\" data-settings=\"{&quot;animation&quot;:&quot;fadeInUp&quot;,&quot;animation_delay&quot;:200}\">\n\t\t\t\t<div class=\"elementor-element elementor-element-1a798bb2 elementor-widget elementor-widget-heading\" data-id=\"1a798bb2\" data-element_type=\"widget\" data-e-type=\"widget\" data-widget_type=\"heading.default\">\n\t\t\t\t\t<div class=\"elementor-heading-title elementor-size-default\">Schedule A Free Consultation With Our Experts<\/div>\t\t\t\t<\/div>\n\t\t\t\t<div class=\"elementor-element elementor-element-73554e3 elementor-widget elementor-widget-heading\" data-id=\"73554e3\" data-element_type=\"widget\" data-e-type=\"widget\" data-widget_type=\"heading.default\">\n\t\t\t\t\t<div class=\"elementor-heading-title elementor-size-default\">Placerat lobortis suscipit facilisis nam ipsum. Blandit consectetur diam mollis mauris orci lacinia quis nulla ad.<\/div>\t\t\t\t<\/div>\n\t\t\t\t<div class=\"elementor-element elementor-element-255ae7fe elementor-align-center elementor-widget elementor-widget-button\" data-id=\"255ae7fe\" data-element_type=\"widget\" data-e-type=\"widget\" data-widget_type=\"button.default\">\n\t\t\t\t\t\t\t\t\t\t<a class=\"elementor-button elementor-button-link elementor-size-sm\" href=\"#\">\n\t\t\t\t\t\t<span class=\"elementor-button-content-wrapper\">\n\t\t\t\t\t\t<span class=\"elementor-button-icon\">\n\t\t\t\t<i aria-hidden=\"true\" class=\"mdi mdi-calendar-month\"><\/i>\t\t\t<\/span>\n\t\t\t\t\t\t\t\t\t<span class=\"elementor-button-text\">Book an Appointment<\/span>\n\t\t\t\t\t<\/span>\n\t\t\t\t\t<\/a>\n\t\t\t\t\t\t\t\t<\/div>\n\t\t\t\t<\/div>\n\t\t\t\t\t<\/div>\n\t\t\t\t<\/div>\n\t\t\t\t<\/div>","protected":false},"excerpt":{"rendered":"<p>Votre voix au c\u0153ur de nos d\u00e9cisions pour chaque quartier. Qui sommes-nous ? Gatineau Ensemble c&rsquo;est &#8230; Un rassemblement des Gatinoises et des Gatinois passionn\u00e9s et engag\u00e9s \u00e0 investir pleinement leur \u00e9nergie pour le bien-\u00eatre de chaque citoyen, dans tous les secteurs de notre ville. Gatineau poss\u00e8de un potentiel immense qui m\u00e9rite d&rsquo;\u00eatre pleinement r\u00e9v\u00e9l\u00e9. [&hellip;]<\/p>\n","protected":false},"author":1,"featured_media":0,"parent":0,"menu_order":0,"comment_status":"closed","ping_status":"closed","template":"elementor_header_footer","meta":{"footnotes":""},"class_list":["post-234","page","type-page","status-publish","hentry"],"_links":{"self":[{"href":"https:\/\/cogedia.org\/en\/wp-json\/wp\/v2\/pages\/234","targetHints":{"allow":["GET"]}}],"collection":[{"href":"https:\/\/cogedia.org\/en\/wp-json\/wp\/v2\/pages"}],"about":[{"href":"https:\/\/cogedia.org\/en\/wp-json\/wp\/v2\/types\/page"}],"author":[{"embeddable":true,"href":"https:\/\/cogedia.org\/en\/wp-json\/wp\/v2\/users\/1"}],"replies":[{"embeddable":true,"href":"https:\/\/cogedia.org\/en\/wp-json\/wp\/v2\/comments?post=234"}],"version-history":[{"count":7,"href":"https:\/\/cogedia.org\/en\/wp-json\/wp\/v2\/pages\/234\/revisions"}],"predecessor-version":[{"id":316,"href":"https:\/\/cogedia.org\/en\/wp-json\/wp\/v2\/pages\/234\/revisions\/316"}],"wp:attachment":[{"href":"https:\/\/cogedia.org\/en\/wp-json\/wp\/v2\/media?parent=234"}],"curies":[{"name":"wp","href":"https:\/\/api.w.org\/{rel}","templated":true}]}}