{"id":998,"date":"2026-05-01T10:47:50","date_gmt":"2026-05-01T10:47:50","guid":{"rendered":"https:\/\/cogedia.org\/?page_id=998"},"modified":"2026-05-01T10:47:53","modified_gmt":"2026-05-01T10:47:53","slug":"evenements-a-venir","status":"publish","type":"page","link":"https:\/\/cogedia.org\/en\/evenements-a-venir\/","title":{"rendered":"\u00c9v\u00e9nements \u00e0 venir"},"content":{"rendered":"","protected":false},"excerpt":{"rendered":"","protected":false},"author":1,"featured_media":0,"parent":0,"menu_order":0,"comment_status":"closed","ping_status":"closed","template":"elementor_header_footer","meta":{"footnotes":""},"class_list":["post-998","page","type-page","status-publish","hentry"],"_links":{"self":[{"href":"https:\/\/cogedia.org\/en\/wp-json\/wp\/v2\/pages\/998","targetHints":{"allow":["GET"]}}],"collection":[{"href":"https:\/\/cogedia.org\/en\/wp-json\/wp\/v2\/pages"}],"about":[{"href":"https:\/\/cogedia.org\/en\/wp-json\/wp\/v2\/types\/page"}],"author":[{"embeddable":true,"href":"https:\/\/cogedia.org\/en\/wp-json\/wp\/v2\/users\/1"}],"replies":[{"embeddable":true,"href":"https:\/\/cogedia.org\/en\/wp-json\/wp\/v2\/comments?post=998"}],"version-history":[{"count":4,"href":"https:\/\/cogedia.org\/en\/wp-json\/wp\/v2\/pages\/998\/revisions"}],"predecessor-version":[{"id":1002,"href":"https:\/\/cogedia.org\/en\/wp-json\/wp\/v2\/pages\/998\/revisions\/1002"}],"wp:attachment":[{"href":"https:\/\/cogedia.org\/en\/wp-json\/wp\/v2\/media?parent=998"}],"curies":[{"name":"wp","href":"https:\/\/api.w.org\/{rel}","templated":true}]}}